{"id":21188,"date":"2026-04-03T22:15:27","date_gmt":"2026-04-03T20:15:27","guid":{"rendered":"https:\/\/musikverlag.andraschek.at\/?post_type=product&#038;p=21188"},"modified":"2026-04-05T10:43:42","modified_gmt":"2026-04-05T08:43:42","slug":"im-prater-bluehn-wieder-die-baeume-fuer-posaune-und-klavier","status":"publish","type":"product","link":"https:\/\/musikverlag.andraschek.at\/en\/product\/im-prater-bluehn-wieder-die-baeume-fuer-posaune-und-klavier\/","title":{"rendered":"Im Prater bl\u00fchn&#8216; wieder die B\u00e4ume f\u00fcr Posaune und Klavier"},"content":{"rendered":"<div class=\"page\" title=\"Page 2\">\n<div class=\"section\">\n<div class=\"layoutArea\">\n<div class=\"column\">\n<p>One of Robert Stolz\u2019s most beautiful and famous melodies, presented here in a version for solo trombone and piano accompaniment, with an optional second trombone part.<\/p>\n<\/div>\n<\/div>\n<\/div>\n<\/div>\n<p>&nbsp;<\/p>\n<p>&nbsp;<\/p>","protected":false},"excerpt":{"rendered":"<p>Viennese music for trombone and piano \u2013 a wonderful addition to any concert!<\/p>","protected":false},"featured_media":21191,"template":"","meta":{"_seopress_robots_primary_cat":"none","_seopress_titles_title":"","_seopress_titles_desc":"","_seopress_robots_index":""},"product_brand":[],"product_cat":[171,176],"product_tag":[],"class_list":{"0":"post-21188","1":"product","2":"type-product","3":"status-publish","4":"has-post-thumbnail","6":"product_cat-kammermusik","7":"product_cat-posaune-bariton-noten","8":"pa_gang-fuer-zwischendurch","9":"pa_kueche-oesterreichische-kueche","10":"pa_spielniveau-2-3","12":"first","13":"instock","14":"downloadable","15":"virtual","16":"sold-individually","17":"taxable","18":"purchasable","19":"product-type-simple"},"_links":{"self":[{"href":"https:\/\/musikverlag.andraschek.at\/en\/wp-json\/wp\/v2\/product\/21188","targetHints":{"allow":["GET"]}}],"collection":[{"href":"https:\/\/musikverlag.andraschek.at\/en\/wp-json\/wp\/v2\/product"}],"about":[{"href":"https:\/\/musikverlag.andraschek.at\/en\/wp-json\/wp\/v2\/types\/product"}],"version-history":[{"count":3,"href":"https:\/\/musikverlag.andraschek.at\/en\/wp-json\/wp\/v2\/product\/21188\/revisions"}],"predecessor-version":[{"id":21193,"href":"https:\/\/musikverlag.andraschek.at\/en\/wp-json\/wp\/v2\/product\/21188\/revisions\/21193"}],"wp:featuredmedia":[{"embeddable":true,"href":"https:\/\/musikverlag.andraschek.at\/en\/wp-json\/wp\/v2\/media\/21191"}],"wp:attachment":[{"href":"https:\/\/musikverlag.andraschek.at\/en\/wp-json\/wp\/v2\/media?parent=21188"}],"wp:term":[{"taxonomy":"product_brand","embeddable":true,"href":"https:\/\/musikverlag.andraschek.at\/en\/wp-json\/wp\/v2\/product_brand?post=21188"},{"taxonomy":"product_cat","embeddable":true,"href":"https:\/\/musikverlag.andraschek.at\/en\/wp-json\/wp\/v2\/product_cat?post=21188"},{"taxonomy":"product_tag","embeddable":true,"href":"https:\/\/musikverlag.andraschek.at\/en\/wp-json\/wp\/v2\/product_tag?post=21188"}],"curies":[{"name":"wp","href":"https:\/\/api.w.org\/{rel}","templated":true}]}}