{"id":20804,"date":"2025-12-01T08:43:38","date_gmt":"2025-12-01T07:43:38","guid":{"rendered":"https:\/\/musikverlag.andraschek.at\/?post_type=product&#038;p=20804"},"modified":"2025-12-01T08:55:49","modified_gmt":"2025-12-01T07:55:49","slug":"suesser-die-glocken-nie-klingen-fuer-blechblaeserquintett","status":"publish","type":"product","link":"https:\/\/musikverlag.andraschek.at\/en\/product\/suesser-die-glocken-nie-klingen-fuer-blechblaeserquintett\/","title":{"rendered":"S\u00fc\u00dfer die Glocken nie klingen (f\u00fcr Blechbl\u00e4serquintett)"},"content":{"rendered":"<p>Eines der sch\u00f6nsten Weihnachtslieder, hier in C-Dur. \u00a0F\u00fcr Blechbl\u00e4ser:innen eignet sich dieses Werk hervorragend. F\u00fcr feierliche Anl\u00e4sse oder auch Kirchenkonzerte eine gute Wahl.<\/p>\n<p>This edition:<br \/>\nPartitur | 1. Trompete in B | 2. Trompete in B | 1. Posaune\/Euphonium in C (Bb-Stimme) \/ opt. Horn in F (+Es) | 2. Posaune\/Euphonium in B (+Bb-Stimme) | Tuba\/Bassposaune in C (Tuba in Bb)<\/p>","protected":false},"excerpt":{"rendered":"<p>Weihnachten kann so sch\u00f6n klingen. F\u00fcr feierliche Anl\u00e4sse oder auch Kirchenkonzerte eine gute Wahl.<\/p>","protected":false},"featured_media":20806,"template":"","meta":{"_seopress_robots_primary_cat":"none","_seopress_titles_title":"","_seopress_titles_desc":"","_seopress_robots_index":""},"product_brand":[],"product_cat":[251,171],"product_tag":[],"class_list":{"0":"post-20804","1":"product","2":"type-product","3":"status-publish","4":"has-post-thumbnail","6":"product_cat-blechblaeserensemble-noten","7":"product_cat-kammermusik","8":"pa_gang-fuer-zwischendurch","9":"pa_instrument-blechblaeserensemble","10":"pa_kueche-goetterspeisen","11":"pa_spielniveau-2-3","13":"first","14":"instock","15":"downloadable","16":"virtual","17":"sold-individually","18":"taxable","19":"purchasable","20":"product-type-simple"},"_links":{"self":[{"href":"https:\/\/musikverlag.andraschek.at\/en\/wp-json\/wp\/v2\/product\/20804","targetHints":{"allow":["GET"]}}],"collection":[{"href":"https:\/\/musikverlag.andraschek.at\/en\/wp-json\/wp\/v2\/product"}],"about":[{"href":"https:\/\/musikverlag.andraschek.at\/en\/wp-json\/wp\/v2\/types\/product"}],"version-history":[{"count":3,"href":"https:\/\/musikverlag.andraschek.at\/en\/wp-json\/wp\/v2\/product\/20804\/revisions"}],"predecessor-version":[{"id":20811,"href":"https:\/\/musikverlag.andraschek.at\/en\/wp-json\/wp\/v2\/product\/20804\/revisions\/20811"}],"wp:featuredmedia":[{"embeddable":true,"href":"https:\/\/musikverlag.andraschek.at\/en\/wp-json\/wp\/v2\/media\/20806"}],"wp:attachment":[{"href":"https:\/\/musikverlag.andraschek.at\/en\/wp-json\/wp\/v2\/media?parent=20804"}],"wp:term":[{"taxonomy":"product_brand","embeddable":true,"href":"https:\/\/musikverlag.andraschek.at\/en\/wp-json\/wp\/v2\/product_brand?post=20804"},{"taxonomy":"product_cat","embeddable":true,"href":"https:\/\/musikverlag.andraschek.at\/en\/wp-json\/wp\/v2\/product_cat?post=20804"},{"taxonomy":"product_tag","embeddable":true,"href":"https:\/\/musikverlag.andraschek.at\/en\/wp-json\/wp\/v2\/product_tag?post=20804"}],"curies":[{"name":"wp","href":"https:\/\/api.w.org\/{rel}","templated":true}]}}