{"id":20682,"date":"2025-11-05T18:55:34","date_gmt":"2025-11-05T17:55:34","guid":{"rendered":"https:\/\/musikverlag.andraschek.at\/?post_type=product&#038;p=20682"},"modified":"2025-11-30T18:48:11","modified_gmt":"2025-11-30T17:48:11","slug":"stadt-der-goldenen-mitte-marsch-flex-5","status":"publish","type":"product","link":"https:\/\/musikverlag.andraschek.at\/en\/product\/stadt-der-goldenen-mitte-marsch-flex-5\/","title":{"rendered":"Stadt der goldenen Mitte &#8211; Marsch (Flex 5\/Blasorchester)"},"content":{"rendered":"<p><b>\u201cfast kitchen\u201d edition<\/b><\/p>\n<p class=\"translation-block\">Do you have an event coming up, but are short-staffed on that day?\nAre you looking for arrangements (including well-known pieces of functional music) that are effective and, above all, quick to learn\u2014without requiring extensive rehearsal\u2014yet still of high quality?\nThen this is just what you need!\nWell-known and practical pieces in Flex-5 arrangements, optimized for 5 brass players, but also suitable for various 5-piece ensembles up to large ensembles (orchestras). This edition was created at the request of and in collaboration with Martin Gigler, bandmaster of the Gabersdorf Music Association.Available parts see product gallery<\/p>\n<p>\u201cCity of the golden mean,\u201d the insider tip, in a Flex-5 version.<\/p>","protected":false},"excerpt":{"rendered":"<p>6\/8 march. Flex 5 version. March book format.<\/p>","protected":false},"featured_media":20722,"template":"","meta":{"_seopress_robots_primary_cat":"none","_seopress_titles_title":"Flex-5 Arrangement-Noten, Geheimtipp, Blasmusik","_seopress_titles_desc":"Bekanntes und Praktisches im Flex-5 Arrangement, optimiert f\u00fcr 5 Blechbl\u00e4ser, funktioniert aber auch in verschiedenen 5-tett-Varianten bis hin zum gro\u00dfen Ensemble (Orchester).","_seopress_robots_index":""},"product_brand":[],"product_cat":[187,20,251,171],"product_tag":[427,428,429,430,433],"class_list":{"0":"post-20682","1":"product","2":"type-product","3":"status-publish","4":"has-post-thumbnail","6":"product_cat-flex-besetzungen-noten","7":"product_cat-blasorchester","8":"product_cat-blechblaeserensemble-noten","9":"product_cat-kammermusik","10":"product_tag-brassquintett","11":"product_tag-blasorchester","12":"product_tag-blechblaeserquintett","13":"product_tag-flexible-besetzung","14":"product_tag-marsch","15":"pa_gang-dessert","16":"pa_gang-fuer-zwischendurch","17":"pa_instrument-flex-besetzungen","18":"pa_instrument-blechblaeserensemble","19":"pa_kueche-schnelle-kueche","20":"pa_kueche-eigenkreationen","21":"pa_kueche-flex-kueche","22":"pa_kueche-oesterreichische-kueche","23":"pa_kueche-hausmannskost","24":"pa_spielniveau-2-3","26":"first","27":"instock","28":"downloadable","29":"virtual","30":"sold-individually","31":"taxable","32":"purchasable","33":"product-type-simple"},"_links":{"self":[{"href":"https:\/\/musikverlag.andraschek.at\/en\/wp-json\/wp\/v2\/product\/20682","targetHints":{"allow":["GET"]}}],"collection":[{"href":"https:\/\/musikverlag.andraschek.at\/en\/wp-json\/wp\/v2\/product"}],"about":[{"href":"https:\/\/musikverlag.andraschek.at\/en\/wp-json\/wp\/v2\/types\/product"}],"version-history":[{"count":3,"href":"https:\/\/musikverlag.andraschek.at\/en\/wp-json\/wp\/v2\/product\/20682\/revisions"}],"predecessor-version":[{"id":20801,"href":"https:\/\/musikverlag.andraschek.at\/en\/wp-json\/wp\/v2\/product\/20682\/revisions\/20801"}],"wp:featuredmedia":[{"embeddable":true,"href":"https:\/\/musikverlag.andraschek.at\/en\/wp-json\/wp\/v2\/media\/20722"}],"wp:attachment":[{"href":"https:\/\/musikverlag.andraschek.at\/en\/wp-json\/wp\/v2\/media?parent=20682"}],"wp:term":[{"taxonomy":"product_brand","embeddable":true,"href":"https:\/\/musikverlag.andraschek.at\/en\/wp-json\/wp\/v2\/product_brand?post=20682"},{"taxonomy":"product_cat","embeddable":true,"href":"https:\/\/musikverlag.andraschek.at\/en\/wp-json\/wp\/v2\/product_cat?post=20682"},{"taxonomy":"product_tag","embeddable":true,"href":"https:\/\/musikverlag.andraschek.at\/en\/wp-json\/wp\/v2\/product_tag?post=20682"}],"curies":[{"name":"wp","href":"https:\/\/api.w.org\/{rel}","templated":true}]}}