{"id":20612,"date":"2025-11-04T16:23:27","date_gmt":"2025-11-04T15:23:27","guid":{"rendered":"https:\/\/musikverlag.andraschek.at\/?post_type=product&#038;p=20612"},"modified":"2025-11-30T18:37:30","modified_gmt":"2025-11-30T17:37:30","slug":"miniatur-13-little-polka","status":"publish","type":"product","link":"https:\/\/musikverlag.andraschek.at\/en\/product\/miniatur-13-little-polka\/","title":{"rendered":"Miniatur 13 &#8222;Little Polka&#8220; (Flex5\/Blasorchester)"},"content":{"rendered":"<p><b>\u201cfast kitchen\u201d edition<\/b><\/p>\n<p class=\"translation-block\">Do you have an event coming up, but are short-staffed on that day?\nAre you looking for arrangements (including well-known pieces of functional music) that are effective and, above all, quick to learn\u2014without requiring extensive rehearsal\u2014yet still of high quality?\nThen this is just what you need!\nWell-known and practical pieces in Flex-5 arrangements, optimized for 5 brass players, but also suitable for various 5-piece ensembles up to large ensembles (orchestras). This edition was created at the request of and in collaboration with Martin Gigler, bandmaster of the Gabersdorf Music Association.Available parts see product gallery<\/p>\n<p>The miniature 13 \/ 3rd part of the Gabersdorf Suite in the Flex 5 version. Also available in a Flex 4 version (AND. 30109).<\/p>","protected":false},"excerpt":{"rendered":"<p>For fun moments. Marching book format.<\/p>","protected":false},"featured_media":20618,"template":"","meta":{"_seopress_robots_primary_cat":"none","_seopress_titles_title":"Flex-5 Arrangement-Noten, Geheimtipp, Blasmusik","_seopress_titles_desc":"Bekanntes und Praktisches im Flex-5 Arrangement, optimiert f\u00fcr 5 Blechbl\u00e4ser, funktioniert aber auch in verschiedenen 5-tett-Varianten bis hin zum gro\u00dfen Ensemble (Orchester).","_seopress_robots_index":""},"product_brand":[],"product_cat":[20,251,171,187],"product_tag":[429,430,431,427,428],"class_list":{"0":"post-20612","1":"product","2":"type-product","3":"status-publish","4":"has-post-thumbnail","6":"product_cat-blasorchester","7":"product_cat-blechblaeserensemble-noten","8":"product_cat-kammermusik","9":"product_cat-flex-besetzungen-noten","10":"product_tag-blechblaeserquintett","11":"product_tag-flexible-besetzung","12":"product_tag-polka","13":"product_tag-brassquintett","14":"product_tag-blasorchester","15":"pa_gang-fuer-zwischendurch","16":"pa_instrument-blechblaeserensemble","17":"pa_instrument-flex-besetzungen","18":"pa_kueche-eigenkreationen","19":"pa_kueche-flex-kueche","20":"pa_kueche-oesterreichische-kueche","21":"pa_kueche-schnelle-kueche","22":"pa_spielniveau-1-2","24":"first","25":"instock","26":"downloadable","27":"virtual","28":"sold-individually","29":"taxable","30":"purchasable","31":"product-type-simple"},"_links":{"self":[{"href":"https:\/\/musikverlag.andraschek.at\/en\/wp-json\/wp\/v2\/product\/20612","targetHints":{"allow":["GET"]}}],"collection":[{"href":"https:\/\/musikverlag.andraschek.at\/en\/wp-json\/wp\/v2\/product"}],"about":[{"href":"https:\/\/musikverlag.andraschek.at\/en\/wp-json\/wp\/v2\/types\/product"}],"version-history":[{"count":5,"href":"https:\/\/musikverlag.andraschek.at\/en\/wp-json\/wp\/v2\/product\/20612\/revisions"}],"predecessor-version":[{"id":20793,"href":"https:\/\/musikverlag.andraschek.at\/en\/wp-json\/wp\/v2\/product\/20612\/revisions\/20793"}],"wp:featuredmedia":[{"embeddable":true,"href":"https:\/\/musikverlag.andraschek.at\/en\/wp-json\/wp\/v2\/media\/20618"}],"wp:attachment":[{"href":"https:\/\/musikverlag.andraschek.at\/en\/wp-json\/wp\/v2\/media?parent=20612"}],"wp:term":[{"taxonomy":"product_brand","embeddable":true,"href":"https:\/\/musikverlag.andraschek.at\/en\/wp-json\/wp\/v2\/product_brand?post=20612"},{"taxonomy":"product_cat","embeddable":true,"href":"https:\/\/musikverlag.andraschek.at\/en\/wp-json\/wp\/v2\/product_cat?post=20612"},{"taxonomy":"product_tag","embeddable":true,"href":"https:\/\/musikverlag.andraschek.at\/en\/wp-json\/wp\/v2\/product_tag?post=20612"}],"curies":[{"name":"wp","href":"https:\/\/api.w.org\/{rel}","templated":true}]}}