{"id":20136,"date":"2025-04-29T17:05:12","date_gmt":"2025-04-29T15:05:12","guid":{"rendered":"https:\/\/musikverlag.andraschek.at\/?post_type=product&#038;p=20136"},"modified":"2025-07-14T10:49:42","modified_gmt":"2025-07-14T08:49:42","slug":"carnivale-di-venezia","status":"publish","type":"product","link":"https:\/\/musikverlag.andraschek.at\/en\/product\/carnivale-di-venezia\/","title":{"rendered":"Carnivale di Venezia"},"content":{"rendered":"<div class=\"page\" title=\"Page 1\">\n<div class=\"section\">\n<div class=\"layoutArea\">\n<div class=\"column\">\n<p>Vorliegende Kurzversion des Carnival di Venezia wurde im Auftrag der Stadtkapelle Liezen &#8211; Kapellmeister David Luidold | Obmann Michael Fro\u0308hlich erstellt.<\/p>\n<p class=\"translation-block\">The idea behind this short version is as follows:\nAt annual concerts of music clubs, the youth wind orchestra is also allowed to perform one or two numbers from time to time. On the one hand, this is a way of presenting the club's own young musicians, and on the other, it also brings new audiences (parents, grandparents) to the concert.<\/p>\n<p>For the kids, the performance should be one thing above all: a very motivating moment, because they get to play \u201cwith the grown-ups\u201d in the same concert. It can be even more motivating if the youth wind orchestra presents one or two of the main themes from the concert program of the \u201cgrown-ups\u201d in advance. In a simplified version, of course. The aim is for them to hear a fuller, longer version immediately afterwards. This should provide additional motivation to be able to play the whole piece in the \u201cbig band\u201d concert as soon as possible.<\/p>\n<p>Diese Kompaktversion fu\u0308r Flex-4 Besetzung la\u0308sst sich optimal u.a. mit der K\u00fcnstler Quadrille von Johann Strau\u00df Sohn in einem Konzert kombinieren. Dem Publikum wird es gefallen, schlie\u00dflich hat es das simple Thema von Niccolo Paganini wohl in die \u201eHall of Fame\u201c der beru\u0308hmtesten Motive der Musikgeschichte geschafft. So ho\u0308ren sie diese Melodie einmal von den \u201eKleinen\u201c und gleich danach von den \u201eGro\u00dfen\u201c. Doppelt ha\u0308lt nunmal besser \ud83d\ude09<\/p>\n<\/div>\n<\/div>\n<\/div>\n<\/div>","protected":false},"excerpt":{"rendered":"<p>Hauptthema (vereinfacht) aus &#8222;Carnival di Venezia&#8220; ohne Variationen.<\/p>","protected":false},"featured_media":20138,"template":"","meta":{"_seopress_robots_primary_cat":"none","_seopress_titles_title":"","_seopress_titles_desc":"","_seopress_robots_index":""},"product_brand":[],"product_cat":[20,187],"product_tag":[],"class_list":{"0":"post-20136","1":"product","2":"type-product","3":"status-publish","4":"has-post-thumbnail","6":"product_cat-blasorchester","7":"product_cat-flex-besetzungen-noten","8":"pa_gang-fuer-zwischendurch","9":"pa_kueche-internationale-kueche","10":"pa_kueche-flex-kueche","11":"pa_kueche-fuer-unsere-kleinen","12":"pa_spielniveau-1-2","14":"first","15":"instock","16":"downloadable","17":"virtual","18":"sold-individually","19":"taxable","20":"purchasable","21":"product-type-simple"},"_links":{"self":[{"href":"https:\/\/musikverlag.andraschek.at\/en\/wp-json\/wp\/v2\/product\/20136","targetHints":{"allow":["GET"]}}],"collection":[{"href":"https:\/\/musikverlag.andraschek.at\/en\/wp-json\/wp\/v2\/product"}],"about":[{"href":"https:\/\/musikverlag.andraschek.at\/en\/wp-json\/wp\/v2\/types\/product"}],"version-history":[{"count":2,"href":"https:\/\/musikverlag.andraschek.at\/en\/wp-json\/wp\/v2\/product\/20136\/revisions"}],"predecessor-version":[{"id":20142,"href":"https:\/\/musikverlag.andraschek.at\/en\/wp-json\/wp\/v2\/product\/20136\/revisions\/20142"}],"wp:featuredmedia":[{"embeddable":true,"href":"https:\/\/musikverlag.andraschek.at\/en\/wp-json\/wp\/v2\/media\/20138"}],"wp:attachment":[{"href":"https:\/\/musikverlag.andraschek.at\/en\/wp-json\/wp\/v2\/media?parent=20136"}],"wp:term":[{"taxonomy":"product_brand","embeddable":true,"href":"https:\/\/musikverlag.andraschek.at\/en\/wp-json\/wp\/v2\/product_brand?post=20136"},{"taxonomy":"product_cat","embeddable":true,"href":"https:\/\/musikverlag.andraschek.at\/en\/wp-json\/wp\/v2\/product_cat?post=20136"},{"taxonomy":"product_tag","embeddable":true,"href":"https:\/\/musikverlag.andraschek.at\/en\/wp-json\/wp\/v2\/product_tag?post=20136"}],"curies":[{"name":"wp","href":"https:\/\/api.w.org\/{rel}","templated":true}]}}