{"id":20123,"date":"2025-04-24T11:07:22","date_gmt":"2025-04-24T09:07:22","guid":{"rendered":"https:\/\/musikverlag.andraschek.at\/?post_type=product&#038;p=20123"},"modified":"2025-12-09T08:39:08","modified_gmt":"2025-12-09T07:39:08","slug":"wiener-cafe-ausgabe-nur-fuer-oesterreich-2","status":"publish","type":"product","link":"https:\/\/musikverlag.andraschek.at\/en\/product\/wiener-cafe-ausgabe-nur-fuer-oesterreich-2\/","title":{"rendered":"Wiener Caf\u00e9 (Ausgabe nur f\u00fcr \u00d6sterreich)"},"content":{"rendered":"<p><strong>INFO: Ausgabe ausnahmslos nur in\/f\u00fcr \u00d6STERREICH erh\u00e4ltlich.<\/strong><br \/>\nDIGITALE Notenausgaben bestellst Du hier: musikverlag@andraschek.at<br \/>\nDruckausgaben bekommst du hier: info@abel.at<\/p>\n<p>Robert Stolz (1880-1975) muss wohl nicht n\u00e4her vorgestellt werden. Er war ein erfolgreicher Komponis<br \/>\nund Dirigent aus Graz. Highlights waren u.a. zwei Oscar-Nominierungen. Sein umfassendes Werk ist noch<br \/>\nnoch immer nicht im vollen Umfang erforscht. Viele seiner Melodien sind aber bis heute unvergessen,<br \/>\nseine Arbeit als Dirigent vor allem im Genre der Wiener Musik auf unz\u00e4hligen Tontr\u00e4gern verewigt. Was<br \/>\nsein Schaffen so besonders ausgezeichnet hat, konnte Marcel Prawy wie folgt auf den Punkt bringen:<\/p>\n<p class=\"translation-block\">\u201cUnlike Johann Strauss or Franz Leh\u00e1r, Stolz is a composer whose music can withstand any arrangement, as it were,\nand can be \u2018dressed\u2019 in any style: His music sounds magnificent, whether performed by a philharmonic orchestra, sung by a\nworld-class tenor or a jazz singer, or played by a band, a guitar, a zither, or a solo piano. The significance of the arrangement\nmakes this Graz native the American among the masters of European music.\u201d<\/p>\n<p>Vorliegender Walzer vereint Motive aus der Operette \u201eZum Goldenen Halbmond\u201c (\u201eZum Goldenen<br \/>\nKipferl\u201c). Die Operette wurde 1936 in Osnabr\u00fcck uraufgef\u00fchrt. Das Werk wurde 1960 in einer Neufassung<br \/>\nunter dem Titel \u201eWiener Caf\u00e9\u201c in einer Neufassung herausgebracht. Der gleichnamige Walzer ist aber<br \/>\nbereits 1953 im Druck erschienen. Das Arrangement f\u00fcr Symphonieorchester stammt von Wal Berg.<\/p>\n<p>Ein herzlicher Dank geht an Herrn Harald Lakits und den Verlag \u201eWeltmusik Edition International\u201c f\u00fcr die<br \/>\nfreundliche Abdruckgenehmigung.<\/p>\n<p>&nbsp;<\/p>\n<p>&nbsp;<\/p>","protected":false},"excerpt":{"rendered":"<p>Unglaublich charmant und erfrischend zeigen sich die Melodien von Robert Stolz in diesem Walzer! Mit etwas mehr als 5 Minuten hat diese Werk auch die perfekte L\u00e4nge!<br \/>\n<strong>INFO: Ausgabe ausnahmslos nur in\/f\u00fcr \u00d6STERREICH erh\u00e4ltlich.<\/strong> DIGITAL bestellst Du hier: musikverlag@andraschek.at \/ Druckausgaben bekommst du hier: info@abel.at<\/p>","protected":false},"featured_media":20113,"template":"","meta":{"_seopress_robots_primary_cat":"none","_seopress_titles_title":"","_seopress_titles_desc":"","_seopress_robots_index":""},"product_brand":[],"product_cat":[20],"product_tag":[],"class_list":{"0":"post-20123","1":"product","2":"type-product","3":"status-publish","4":"has-post-thumbnail","6":"product_cat-blasorchester","7":"pa_gang-appetizer-vorspeise","8":"pa_gang-hauptspeise","9":"pa_gang-fuer-zwischendurch","10":"pa_kueche-oesterreichische-kueche","11":"pa_spielniveau-3-4","13":"first","14":"instock","15":"downloadable","16":"virtual","17":"sold-individually","18":"taxable","19":"product-type-simple"},"_links":{"self":[{"href":"https:\/\/musikverlag.andraschek.at\/en\/wp-json\/wp\/v2\/product\/20123","targetHints":{"allow":["GET"]}}],"collection":[{"href":"https:\/\/musikverlag.andraschek.at\/en\/wp-json\/wp\/v2\/product"}],"about":[{"href":"https:\/\/musikverlag.andraschek.at\/en\/wp-json\/wp\/v2\/types\/product"}],"version-history":[{"count":4,"href":"https:\/\/musikverlag.andraschek.at\/en\/wp-json\/wp\/v2\/product\/20123\/revisions"}],"predecessor-version":[{"id":20857,"href":"https:\/\/musikverlag.andraschek.at\/en\/wp-json\/wp\/v2\/product\/20123\/revisions\/20857"}],"wp:featuredmedia":[{"embeddable":true,"href":"https:\/\/musikverlag.andraschek.at\/en\/wp-json\/wp\/v2\/media\/20113"}],"wp:attachment":[{"href":"https:\/\/musikverlag.andraschek.at\/en\/wp-json\/wp\/v2\/media?parent=20123"}],"wp:term":[{"taxonomy":"product_brand","embeddable":true,"href":"https:\/\/musikverlag.andraschek.at\/en\/wp-json\/wp\/v2\/product_brand?post=20123"},{"taxonomy":"product_cat","embeddable":true,"href":"https:\/\/musikverlag.andraschek.at\/en\/wp-json\/wp\/v2\/product_cat?post=20123"},{"taxonomy":"product_tag","embeddable":true,"href":"https:\/\/musikverlag.andraschek.at\/en\/wp-json\/wp\/v2\/product_tag?post=20123"}],"curies":[{"name":"wp","href":"https:\/\/api.w.org\/{rel}","templated":true}]}}