{"id":20056,"date":"2025-04-07T14:25:53","date_gmt":"2025-04-07T12:25:53","guid":{"rendered":"https:\/\/musikverlag.andraschek.at\/?post_type=product&#038;p=20056"},"modified":"2025-06-12T14:45:01","modified_gmt":"2025-06-12T12:45:01","slug":"robert-stolz-parade-ausgabe-nur-fuer-oesterreich","status":"publish","type":"product","link":"https:\/\/musikverlag.andraschek.at\/en\/product\/robert-stolz-parade-ausgabe-nur-fuer-oesterreich\/","title":{"rendered":"Robert Stolz Parade (Ausgabe nur f\u00fcr \u00d6sterreich)"},"content":{"rendered":"<p><strong>INFO: Ausgabe ausnahmslos nur in\/f\u00fcr \u00d6STERREICH erh\u00e4ltlich.<\/strong><br \/>\nDIGITALE Notenausgaben bestellst Du hier: musikverlag@andraschek.at<br \/>\nDruckausgaben bekommst du hier: info@abel.at<\/p>\n<p>Robert Stolz (1880-1975) muss wohl nicht n\u00e4her vorgestellt werden. Er war ein erfolgreicher Komponist<br \/>\nund Dirigent aus Graz. Highlights waren u.a. zwei Oscar-Nominierungen. Sein umfassendes Werk ist noch<br \/>\nnoch immer nicht im vollen Umfang erforscht. Viele seiner Melodien sind aber bis heute unvergessen,<br \/>\nseine Arbeit als Dirigent vor allem im Genre der Wiener Musik auf unz\u00e4hligen Tontr\u00e4gern verewigt. Was<br \/>\nsein Schaffen so besonders ausgezeichnet hat, konnte Marcel Prawy wie folgt auf den Punkt bringen:<br \/>\n\u201eIm Unterschied zu Johann Strau\u00df oder Franz Leh\u00e1r ist Stolz ein Komponist, dessen Musik jedes Arrangement vertr\u00e4gt, gleichsam<br \/>\njeden Anzug tragen kann: Seine Musik klingt gro\u00dfartig, ob nun gespielt vom philharmonischen Orchester, ob gesungen von einem<br \/>\nWelttenor, von einer Jazzs\u00e4ngerin, gespielt von einer Band, einer Gitarre, einer Zither, Klavier solo. Die Bedeutung des Arrangements<br \/>\nmacht diesen Grazer zum Amerikaner unter den Meistern der europ\u00e4ischen Musik.\u201c 1<br \/>\nIn enger Zusammenarbeit mit Hans Stolz und dem Astoria Musikverlag entstehen ab 2025 neue<br \/>\nArrangements f\u00fcr Blasorchester. Dadurch soll das Werk von Robert Stolz auch in diesem Genre einen<br \/>\nfixen Bestandteil des Repertoires einnehmen.<br \/>\nVorliegende Bearbeitung vereint einige seiner weltber\u00fchmt gewordenen Titel (Refrains) zu einer gro\u00dfen<\/p>\n<p>Robert Stolz Parade*. Dauer ca. 8 Minuten.<\/p>\n<p>\u2022 Fr\u00fchjahrsparade Ouvert\u00fcre (Anfang)<br \/>\n\u2022 Die ganze Welt ist himmelblau<br \/>\n\u2022 Wenn die kleinen Veilchen wieder bl\u00fchen<br \/>\n\u2022 Zwei Herzen im 3\/4 Takt<br \/>\n\u2022 Mein Liebeslied muss ein Walzer sein<br \/>\n\u2022 Adieu mein kleiner Gardeoffizier<br \/>\n\u2022 Ob blond, ob braun<br \/>\n\u2022 Jung san ma, fesch san ma<br \/>\n\u2022 Fr\u00fchjahrsparade Ouvert\u00fcre (Schluss)<\/p>\n<p>Ein herzlicher Dank geht an den Astoria Musikverlag und den A-Tempo Verlag f\u00fcr die freundliche Genehmigung.<\/p>\n<p>* \u00a9 by Dreiklang Dreimasken B\u00fchnenverlag | Charivari Musikverlag |<br \/>\nWiener Boheme Verlag | MUSBU Z\u00fcrich | A-Tempo Verlag<br \/>\nF\u00fcr \u00d6sterreich: Mit freundlicher Genehmigung von Astoria Musikverlag &amp; A-Tempo Verlag<\/p>","protected":false},"excerpt":{"rendered":"<p>Unglaublich charmant und erfrischend zeigen sich die Melodien von Robert Stolz in dieser Zusammenstellung! 8 Minuten, die kurzweiliger nicht sein k\u00f6nnten!<br \/>\n<strong>INFO: Ausgabe ausnahmslos nur in\/f\u00fcr \u00d6STERREICH erh\u00e4ltlich.<\/strong> DIGITAL bestellst Du hier: musikverlag@andraschek.at \/ Druckausgaben bekommst du hier: info@abel.at<\/p>","protected":false},"featured_media":20058,"template":"","meta":{"_seopress_robots_primary_cat":"none","_seopress_titles_title":"","_seopress_titles_desc":"","_seopress_robots_index":""},"product_brand":[],"product_cat":[20],"product_tag":[],"class_list":{"0":"post-20056","1":"product","2":"type-product","3":"status-publish","4":"has-post-thumbnail","6":"product_cat-blasorchester","7":"pa_gang-appetizer-vorspeise","8":"pa_gang-hauptspeise","9":"pa_gang-dessert","10":"pa_gang-fuer-zwischendurch","11":"pa_kueche-oesterreichische-kueche","12":"pa_spielniveau-3-4","14":"first","15":"instock","16":"downloadable","17":"virtual","18":"sold-individually","19":"taxable","20":"product-type-simple"},"_links":{"self":[{"href":"https:\/\/musikverlag.andraschek.at\/en\/wp-json\/wp\/v2\/product\/20056","targetHints":{"allow":["GET"]}}],"collection":[{"href":"https:\/\/musikverlag.andraschek.at\/en\/wp-json\/wp\/v2\/product"}],"about":[{"href":"https:\/\/musikverlag.andraschek.at\/en\/wp-json\/wp\/v2\/types\/product"}],"version-history":[{"count":2,"href":"https:\/\/musikverlag.andraschek.at\/en\/wp-json\/wp\/v2\/product\/20056\/revisions"}],"predecessor-version":[{"id":20070,"href":"https:\/\/musikverlag.andraschek.at\/en\/wp-json\/wp\/v2\/product\/20056\/revisions\/20070"}],"wp:featuredmedia":[{"embeddable":true,"href":"https:\/\/musikverlag.andraschek.at\/en\/wp-json\/wp\/v2\/media\/20058"}],"wp:attachment":[{"href":"https:\/\/musikverlag.andraschek.at\/en\/wp-json\/wp\/v2\/media?parent=20056"}],"wp:term":[{"taxonomy":"product_brand","embeddable":true,"href":"https:\/\/musikverlag.andraschek.at\/en\/wp-json\/wp\/v2\/product_brand?post=20056"},{"taxonomy":"product_cat","embeddable":true,"href":"https:\/\/musikverlag.andraschek.at\/en\/wp-json\/wp\/v2\/product_cat?post=20056"},{"taxonomy":"product_tag","embeddable":true,"href":"https:\/\/musikverlag.andraschek.at\/en\/wp-json\/wp\/v2\/product_tag?post=20056"}],"curies":[{"name":"wp","href":"https:\/\/api.w.org\/{rel}","templated":true}]}}