{"id":20039,"date":"2025-04-02T19:17:28","date_gmt":"2025-04-02T17:17:28","guid":{"rendered":"https:\/\/musikverlag.andraschek.at\/?post_type=product&#038;p=20039"},"modified":"2025-12-11T15:05:51","modified_gmt":"2025-12-11T14:05:51","slug":"wickie-und-die-starken-maenner-highlights","status":"publish","type":"product","link":"https:\/\/musikverlag.andraschek.at\/en\/product\/wickie-und-die-starken-maenner-highlights\/","title":{"rendered":"Wickie und die starken M\u00e4nner (Highlights)"},"content":{"rendered":"<p>Nur als Druckausgabe erh\u00e4ltlich. VP: \u20ac66,00. Bestellungen bei info@abel.at<\/p>\n<p>\u201eWickie und die starken M\u00e4nner\u201c z\u00e4hlt bis heute zu einer der erfolgreichsten und beliebtesten Zeichentrickserien. Die ersten Folgen der Deutsch-Japanischen Produktion<br \/>\nwurden 1974 ausgestrahlt. Die Musik f\u00fcr die deutsche Fassung schrieb Karel Svoboda. Unvergessen bleiben seine eing\u00e4ngigen Melodien, die auch immer wieder die Posaune<br \/>\n(\u201eAnker los\u201c) solistisch hervortreten lassen.<\/p>\n<p>In diesem Arrangement f\u00fcr Jugendblasorchester sind folgende musikalische Highlights aus der Serie zusammengef\u00fchrt:<\/p>\n<p>\u2022 Anker los<br \/>\n\u2022 Ankerlied<br \/>\n\u2022 Der schreckliche Sven<br \/>\n\u2022 Gute Neuigkeiten<br \/>\n\u2022 Wickie (End Title)<br \/>\n\u2022 Hey, hey Wickie (Die Musik zur Titelmelodie stammt von Christian Bruhn.)<\/p>\n<p>Bei Bedarf l\u00e4sst das Arrangement durchaus zu, auch Teile auszulassen bzw. Spr\u00fcnge<br \/>\neinzuplanen. Durch die \u201eYoungsters-Stimmen\u201c soll m\u00f6glichst vielen Kids das Mitspielen erm\u00f6glicht werden.<\/p>\n<p>&nbsp;<\/p>\n<p>&nbsp;<\/p>","protected":false},"excerpt":{"rendered":"<p>Nur als Druckausgabe erh\u00e4ltlich. VP: \u20ac66,00. Bestellungen bei info@abel.at<br \/>\nWickie und die starken M\u00e4nner. Musikalische Highlights der Zeichentrickserie aufbereitet f\u00fcr Jugendblasorchester (mit zus\u00e4tzlichen Youngsters Stimmen).<\/p>","protected":false},"featured_media":20050,"template":"","meta":{"_seopress_robots_primary_cat":"none","_seopress_titles_title":"","_seopress_titles_desc":"","_seopress_robots_index":""},"product_brand":[],"product_cat":[20],"product_tag":[],"class_list":{"0":"post-20039","1":"product","2":"type-product","3":"status-publish","4":"has-post-thumbnail","6":"product_cat-blasorchester","7":"pa_gang-hauptspeise","8":"pa_gang-dessert","9":"pa_gang-fuer-zwischendurch","10":"pa_kueche-fuer-unsere-kleinen","11":"pa_spielniveau-1-2","13":"first","14":"instock","15":"downloadable","16":"virtual","17":"sold-individually","18":"taxable","19":"product-type-simple"},"_links":{"self":[{"href":"https:\/\/musikverlag.andraschek.at\/en\/wp-json\/wp\/v2\/product\/20039","targetHints":{"allow":["GET"]}}],"collection":[{"href":"https:\/\/musikverlag.andraschek.at\/en\/wp-json\/wp\/v2\/product"}],"about":[{"href":"https:\/\/musikverlag.andraschek.at\/en\/wp-json\/wp\/v2\/types\/product"}],"version-history":[{"count":5,"href":"https:\/\/musikverlag.andraschek.at\/en\/wp-json\/wp\/v2\/product\/20039\/revisions"}],"predecessor-version":[{"id":20052,"href":"https:\/\/musikverlag.andraschek.at\/en\/wp-json\/wp\/v2\/product\/20039\/revisions\/20052"}],"wp:featuredmedia":[{"embeddable":true,"href":"https:\/\/musikverlag.andraschek.at\/en\/wp-json\/wp\/v2\/media\/20050"}],"wp:attachment":[{"href":"https:\/\/musikverlag.andraschek.at\/en\/wp-json\/wp\/v2\/media?parent=20039"}],"wp:term":[{"taxonomy":"product_brand","embeddable":true,"href":"https:\/\/musikverlag.andraschek.at\/en\/wp-json\/wp\/v2\/product_brand?post=20039"},{"taxonomy":"product_cat","embeddable":true,"href":"https:\/\/musikverlag.andraschek.at\/en\/wp-json\/wp\/v2\/product_cat?post=20039"},{"taxonomy":"product_tag","embeddable":true,"href":"https:\/\/musikverlag.andraschek.at\/en\/wp-json\/wp\/v2\/product_tag?post=20039"}],"curies":[{"name":"wp","href":"https:\/\/api.w.org\/{rel}","templated":true}]}}