{"id":19975,"date":"2025-03-02T09:57:23","date_gmt":"2025-03-02T08:57:23","guid":{"rendered":"https:\/\/musikverlag.andraschek.at\/?post_type=product&#038;p=19975"},"modified":"2025-11-28T04:46:26","modified_gmt":"2025-11-28T03:46:26","slug":"chamaeleon-concerto","status":"publish","type":"product","link":"https:\/\/musikverlag.andraschek.at\/en\/product\/chamaeleon-concerto\/","title":{"rendered":"Alpine Chameleon Rhapsody f\u00fcr Fl\u00fcgelhorn Solo und Blasorchester"},"content":{"rendered":"<p class=\"translation-block\">Auftragswerk des Blasorchester voestalpine DONAWITZ. Urauff\u00fchrung am 3. Mai 2025 \/ Leoben Kammersaal.<br>\r\nAuff\u00fchrungen sind f\u00fcr die erste Zeit nur exklusiv mit Christoph Moschberger als Solisten m\u00f6glich (Kontakt: www.moschberger.de)\r\n<br>\r\nDas Notenmaterial ist derzeit nur auf Leihbasis erh\u00e4ltlich.<br>\r\nBei Fragen bitte Email an musikverlag@andraschek.at.<\/p>\n<p>&nbsp;<\/p>","protected":false},"excerpt":{"rendered":"<p>For the time being, performances are only possible exclusively with Christoph Moschberger as soloist (contact: www.moschberger.de)<br \/>\nDas Notenmaterial ist derzeit nur auf Leihbasis erh\u00e4ltlich.<\/p>","protected":false},"featured_media":20164,"template":"","meta":{"_seopress_robots_primary_cat":"none","_seopress_titles_title":"\"Alpine Chameleon Rhapsody - f\u00fcr Christoph Moschberger - Musikverlag Andraschek","_seopress_titles_desc":"\"Komposition, 'Alpine Chameleon Rhapsody', gewidmet Christoph Moschberger, erh\u00e4ltlich beim Musikverlag Andraschek","_seopress_robots_index":""},"product_brand":[],"product_cat":[20],"product_tag":[],"class_list":{"0":"post-19975","1":"product","2":"type-product","3":"status-publish","4":"has-post-thumbnail","6":"product_cat-blasorchester","7":"pa_gang-hauptspeise","8":"pa_kueche-oesterreichische-kueche","9":"pa_kueche-dinner-for-one","10":"pa_kueche-eigenkreationen","11":"pa_spielniveau-4-5","13":"first","14":"instock","15":"downloadable","16":"virtual","17":"sold-individually","18":"taxable","19":"product-type-simple"},"_links":{"self":[{"href":"https:\/\/musikverlag.andraschek.at\/en\/wp-json\/wp\/v2\/product\/19975","targetHints":{"allow":["GET"]}}],"collection":[{"href":"https:\/\/musikverlag.andraschek.at\/en\/wp-json\/wp\/v2\/product"}],"about":[{"href":"https:\/\/musikverlag.andraschek.at\/en\/wp-json\/wp\/v2\/types\/product"}],"version-history":[{"count":6,"href":"https:\/\/musikverlag.andraschek.at\/en\/wp-json\/wp\/v2\/product\/19975\/revisions"}],"predecessor-version":[{"id":20777,"href":"https:\/\/musikverlag.andraschek.at\/en\/wp-json\/wp\/v2\/product\/19975\/revisions\/20777"}],"wp:featuredmedia":[{"embeddable":true,"href":"https:\/\/musikverlag.andraschek.at\/en\/wp-json\/wp\/v2\/media\/20164"}],"wp:attachment":[{"href":"https:\/\/musikverlag.andraschek.at\/en\/wp-json\/wp\/v2\/media?parent=19975"}],"wp:term":[{"taxonomy":"product_brand","embeddable":true,"href":"https:\/\/musikverlag.andraschek.at\/en\/wp-json\/wp\/v2\/product_brand?post=19975"},{"taxonomy":"product_cat","embeddable":true,"href":"https:\/\/musikverlag.andraschek.at\/en\/wp-json\/wp\/v2\/product_cat?post=19975"},{"taxonomy":"product_tag","embeddable":true,"href":"https:\/\/musikverlag.andraschek.at\/en\/wp-json\/wp\/v2\/product_tag?post=19975"}],"curies":[{"name":"wp","href":"https:\/\/api.w.org\/{rel}","templated":true}]}}