{"id":19941,"date":"2025-02-06T13:02:29","date_gmt":"2025-02-06T12:02:29","guid":{"rendered":"https:\/\/musikverlag.andraschek.at\/?post_type=product&#038;p=19941"},"modified":"2025-06-05T10:37:24","modified_gmt":"2025-06-05T08:37:24","slug":"nachts-im-zoo-playalongs","status":"publish","type":"product","link":"https:\/\/musikverlag.andraschek.at\/en\/product\/nachts-im-zoo-playalongs\/","title":{"rendered":"Nachts im Zoo Playalongs"},"content":{"rendered":"<p>Alle zw\u00f6lf (12) <strong>Playalongs zum Spielheft<\/strong> (f\u00fcr alle Instrumente)! (1. Aus dem K\u00e4fig, 2. Potscherter Pinguin, 3. Zuversichtliches Zebra, 4. Hase tot, 5. Party Papagei, 6. Armer Ais#b\u00e4r, 7. Einsames Einhorn, 8. B\u00f6ser Braunb\u00e4r, 9. Heulende Hy\u00e4ne, 10. Klatschnasser Koala, 11. Grantiges Gnu, 12. Swingende Seegurke.)<\/p>\n<p>Achtung: Die Playalongs stehen \u00fcber die QR-Codes (im Spielheft) <strong>kostenlos auf YouTube<\/strong> zur Verf\u00fcgung. Wer m\u00f6chte, kann hier die 12 Audiofiles im mp3 Format k\u00e4uflich erwerben.<\/p>","protected":false},"excerpt":{"rendered":"<p>Der Bestseller! 12 coole Nummern f\u00fcr coole kids! Alle Playalongs zum Spielheft! (KEINE Notenausgabe!)<\/p>","protected":false},"featured_media":19946,"template":"","meta":{"_seopress_robots_primary_cat":"none","_seopress_titles_title":"","_seopress_titles_desc":"","_seopress_robots_index":""},"product_brand":[],"product_cat":[185,175,176,177,178,181,182,183,184],"product_tag":[],"class_list":{"0":"post-19941","1":"product","2":"type-product","3":"status-publish","4":"has-post-thumbnail","6":"product_cat-saxophon-noten","7":"product_cat-trompete-fluegelhorn-noten","8":"product_cat-posaune-bariton-noten","9":"product_cat-horn-noten","10":"product_cat-tuba-noten","11":"product_cat-floete-noten","12":"product_cat-oboe-noten","13":"product_cat-klarinette-noten","14":"product_cat-fagott-noten","15":"pa_gang-fuer-zwischendurch","16":"pa_gang-appetizer-vorspeise","17":"pa_gang-hauptspeise","18":"pa_gang-dessert","19":"pa_kueche-fuer-unsere-kleinen","20":"pa_kueche-eigenkreationen","21":"pa_spielniveau-1-2","22":"pa_spielniveau-2-3","24":"first","25":"instock","26":"downloadable","27":"virtual","28":"sold-individually","29":"taxable","30":"purchasable","31":"product-type-simple"},"_links":{"self":[{"href":"https:\/\/musikverlag.andraschek.at\/en\/wp-json\/wp\/v2\/product\/19941","targetHints":{"allow":["GET"]}}],"collection":[{"href":"https:\/\/musikverlag.andraschek.at\/en\/wp-json\/wp\/v2\/product"}],"about":[{"href":"https:\/\/musikverlag.andraschek.at\/en\/wp-json\/wp\/v2\/types\/product"}],"version-history":[{"count":6,"href":"https:\/\/musikverlag.andraschek.at\/en\/wp-json\/wp\/v2\/product\/19941\/revisions"}],"predecessor-version":[{"id":19951,"href":"https:\/\/musikverlag.andraschek.at\/en\/wp-json\/wp\/v2\/product\/19941\/revisions\/19951"}],"wp:featuredmedia":[{"embeddable":true,"href":"https:\/\/musikverlag.andraschek.at\/en\/wp-json\/wp\/v2\/media\/19946"}],"wp:attachment":[{"href":"https:\/\/musikverlag.andraschek.at\/en\/wp-json\/wp\/v2\/media?parent=19941"}],"wp:term":[{"taxonomy":"product_brand","embeddable":true,"href":"https:\/\/musikverlag.andraschek.at\/en\/wp-json\/wp\/v2\/product_brand?post=19941"},{"taxonomy":"product_cat","embeddable":true,"href":"https:\/\/musikverlag.andraschek.at\/en\/wp-json\/wp\/v2\/product_cat?post=19941"},{"taxonomy":"product_tag","embeddable":true,"href":"https:\/\/musikverlag.andraschek.at\/en\/wp-json\/wp\/v2\/product_tag?post=19941"}],"curies":[{"name":"wp","href":"https:\/\/api.w.org\/{rel}","templated":true}]}}