{"id":18327,"date":"2024-12-11T11:50:41","date_gmt":"2024-12-11T10:50:41","guid":{"rendered":"https:\/\/musikverlag.andraschek.at\/?post_type=product&#038;p=18327"},"modified":"2025-12-01T08:39:20","modified_gmt":"2025-12-01T07:39:20","slug":"arioso-fuer-klarinetten4tett-kopie","status":"publish","type":"product","link":"https:\/\/musikverlag.andraschek.at\/en\/product\/arioso-fuer-klarinetten4tett-kopie\/","title":{"rendered":"Bist du bei mir Klarinetten4tett"},"content":{"rendered":"<p class=\"translation-block\">Gottfried Heinrich St\u00f6lzel (1690-1749) was a German bandmaster, composer and music theorist. \u2018Bist Du bei mir\u2019 is proven to be from his opera Diomedes, but this title became known through the version for voice and continuo from the music booklet for Anna Magdalena BACH. The work was therefore erroneously attributed to J.S. Bach for a long time.<\/p>","protected":false},"excerpt":{"rendered":"<p>Nicht Bach sondern St\u00f6lzel. Dennoch eine wundersch\u00f6ne Nummer. F\u00fcr 4 Klarinetten. Passend f\u00fcr Kirche oder feierliche Anl\u00e4sse.<\/p>","protected":false},"featured_media":18331,"template":"","meta":{"_seopress_robots_primary_cat":"none","_seopress_titles_title":"","_seopress_titles_desc":"","_seopress_robots_index":""},"product_brand":[],"product_cat":[171,183],"product_tag":[],"class_list":{"0":"post-18327","1":"product","2":"type-product","3":"status-publish","4":"has-post-thumbnail","6":"product_cat-kammermusik","7":"product_cat-klarinette-noten","8":"pa_gang-hauptspeise","9":"pa_instrument-klarinette","10":"pa_kueche-internationale-kueche","11":"pa_spielniveau-2-3","13":"first","14":"instock","15":"downloadable","16":"virtual","17":"sold-individually","18":"taxable","19":"purchasable","20":"product-type-simple"},"_links":{"self":[{"href":"https:\/\/musikverlag.andraschek.at\/en\/wp-json\/wp\/v2\/product\/18327","targetHints":{"allow":["GET"]}}],"collection":[{"href":"https:\/\/musikverlag.andraschek.at\/en\/wp-json\/wp\/v2\/product"}],"about":[{"href":"https:\/\/musikverlag.andraschek.at\/en\/wp-json\/wp\/v2\/types\/product"}],"version-history":[{"count":7,"href":"https:\/\/musikverlag.andraschek.at\/en\/wp-json\/wp\/v2\/product\/18327\/revisions"}],"predecessor-version":[{"id":20803,"href":"https:\/\/musikverlag.andraschek.at\/en\/wp-json\/wp\/v2\/product\/18327\/revisions\/20803"}],"wp:featuredmedia":[{"embeddable":true,"href":"https:\/\/musikverlag.andraschek.at\/en\/wp-json\/wp\/v2\/media\/18331"}],"wp:attachment":[{"href":"https:\/\/musikverlag.andraschek.at\/en\/wp-json\/wp\/v2\/media?parent=18327"}],"wp:term":[{"taxonomy":"product_brand","embeddable":true,"href":"https:\/\/musikverlag.andraschek.at\/en\/wp-json\/wp\/v2\/product_brand?post=18327"},{"taxonomy":"product_cat","embeddable":true,"href":"https:\/\/musikverlag.andraschek.at\/en\/wp-json\/wp\/v2\/product_cat?post=18327"},{"taxonomy":"product_tag","embeddable":true,"href":"https:\/\/musikverlag.andraschek.at\/en\/wp-json\/wp\/v2\/product_tag?post=18327"}],"curies":[{"name":"wp","href":"https:\/\/api.w.org\/{rel}","templated":true}]}}