{"id":17647,"date":"2024-09-01T14:10:17","date_gmt":"2024-09-01T12:10:17","guid":{"rendered":"https:\/\/musikverlag.andraschek.at\/?post_type=product&#038;p=17647"},"modified":"2025-01-20T14:35:13","modified_gmt":"2025-01-20T13:35:13","slug":"landhaushof-fanfare-fuer-grosses-blechblaeserensemble","status":"publish","type":"product","link":"https:\/\/musikverlag.andraschek.at\/en\/product\/landhaushof-fanfare-fuer-grosses-blechblaeserensemble\/","title":{"rendered":"Landhaus Fanfare f\u00fcr gro\u00dfes Blechbl\u00e4serensemble"},"content":{"rendered":"<p class=\"translation-block\">Composed and premiered at the <em>haus.kultur festival 2017. <\/em>Bombastic, energetic, sublime and rousing. The composition is aimed at the professional brass ensemble.<\/p>\n<p>Instrumentation:<br \/>\n8 trumpets, 4 horns (double), 8 trombones, drums<\/p>","protected":false},"excerpt":{"rendered":"<p>For professionals. Powerful. Bombastic. Casting must be adhered to.<\/p>","protected":false},"featured_media":17819,"template":"","meta":{"_seopress_robots_primary_cat":"none","_seopress_titles_title":"","_seopress_titles_desc":"","_seopress_robots_index":""},"product_brand":[],"product_cat":[171,251],"product_tag":[],"class_list":{"0":"post-17647","1":"product","2":"type-product","3":"status-publish","4":"has-post-thumbnail","6":"product_cat-kammermusik","7":"product_cat-blechblaeserensemble-noten","8":"pa_gang-appetizer-vorspeise","9":"pa_kueche-eigenkreationen","10":"pa_kueche-oesterreichische-kueche","11":"pa_spielniveau-4-5","13":"first","14":"instock","15":"downloadable","16":"virtual","17":"sold-individually","18":"taxable","19":"purchasable","20":"product-type-simple"},"_links":{"self":[{"href":"https:\/\/musikverlag.andraschek.at\/en\/wp-json\/wp\/v2\/product\/17647","targetHints":{"allow":["GET"]}}],"collection":[{"href":"https:\/\/musikverlag.andraschek.at\/en\/wp-json\/wp\/v2\/product"}],"about":[{"href":"https:\/\/musikverlag.andraschek.at\/en\/wp-json\/wp\/v2\/types\/product"}],"version-history":[{"count":7,"href":"https:\/\/musikverlag.andraschek.at\/en\/wp-json\/wp\/v2\/product\/17647\/revisions"}],"predecessor-version":[{"id":19377,"href":"https:\/\/musikverlag.andraschek.at\/en\/wp-json\/wp\/v2\/product\/17647\/revisions\/19377"}],"wp:featuredmedia":[{"embeddable":true,"href":"https:\/\/musikverlag.andraschek.at\/en\/wp-json\/wp\/v2\/media\/17819"}],"wp:attachment":[{"href":"https:\/\/musikverlag.andraschek.at\/en\/wp-json\/wp\/v2\/media?parent=17647"}],"wp:term":[{"taxonomy":"product_brand","embeddable":true,"href":"https:\/\/musikverlag.andraschek.at\/en\/wp-json\/wp\/v2\/product_brand?post=17647"},{"taxonomy":"product_cat","embeddable":true,"href":"https:\/\/musikverlag.andraschek.at\/en\/wp-json\/wp\/v2\/product_cat?post=17647"},{"taxonomy":"product_tag","embeddable":true,"href":"https:\/\/musikverlag.andraschek.at\/en\/wp-json\/wp\/v2\/product_tag?post=17647"}],"curies":[{"name":"wp","href":"https:\/\/api.w.org\/{rel}","templated":true}]}}