{"id":17485,"date":"2024-08-27T10:04:53","date_gmt":"2024-08-27T08:04:53","guid":{"rendered":"https:\/\/musikverlag.andraschek.at\/?post_type=product&#038;p=17485"},"modified":"2025-01-20T14:35:11","modified_gmt":"2025-01-20T13:35:11","slug":"mini-marsch-fuer-3-hoerner","status":"publish","type":"product","link":"https:\/\/musikverlag.andraschek.at\/en\/product\/mini-marsch-fuer-3-hoerner\/","title":{"rendered":"Mini Marsch f\u00fcr 3 H\u00f6rner"},"content":{"rendered":"<p>Kurz und knackig pr\u00e4sentiert sich diese kurze Komposition. Ma\u00dfgeschneidert f\u00fcr den Unterricht. Artikulation, Dynamik und Ensemblepr\u00e4zision l\u00e4sst sich an diesem St\u00fcck gut erarbeiten.<\/p>\n<p>&nbsp;<\/p>","protected":false},"excerpt":{"rendered":"<p>Small, short piece for 3 horns. Tried and tested by Prima la musica!<\/p>","protected":false},"featured_media":17489,"template":"","meta":{"_seopress_robots_primary_cat":"","_seopress_titles_title":"","_seopress_titles_desc":"","_seopress_robots_index":""},"product_brand":[],"product_cat":[171,177],"product_tag":[],"class_list":{"0":"post-17485","1":"product","2":"type-product","3":"status-publish","4":"has-post-thumbnail","6":"product_cat-kammermusik","7":"product_cat-horn-noten","8":"pa_gang-appetizer-vorspeise","9":"pa_gang-fuer-zwischendurch","10":"pa_instrument-horn","11":"pa_kueche-fuer-unsere-kleinen","12":"pa_kueche-eigenkreationen","13":"pa_spielniveau-1-2","15":"first","16":"instock","17":"downloadable","18":"virtual","19":"sold-individually","20":"taxable","21":"purchasable","22":"product-type-simple"},"_links":{"self":[{"href":"https:\/\/musikverlag.andraschek.at\/en\/wp-json\/wp\/v2\/product\/17485","targetHints":{"allow":["GET"]}}],"collection":[{"href":"https:\/\/musikverlag.andraschek.at\/en\/wp-json\/wp\/v2\/product"}],"about":[{"href":"https:\/\/musikverlag.andraschek.at\/en\/wp-json\/wp\/v2\/types\/product"}],"version-history":[{"count":4,"href":"https:\/\/musikverlag.andraschek.at\/en\/wp-json\/wp\/v2\/product\/17485\/revisions"}],"predecessor-version":[{"id":18563,"href":"https:\/\/musikverlag.andraschek.at\/en\/wp-json\/wp\/v2\/product\/17485\/revisions\/18563"}],"wp:featuredmedia":[{"embeddable":true,"href":"https:\/\/musikverlag.andraschek.at\/en\/wp-json\/wp\/v2\/media\/17489"}],"wp:attachment":[{"href":"https:\/\/musikverlag.andraschek.at\/en\/wp-json\/wp\/v2\/media?parent=17485"}],"wp:term":[{"taxonomy":"product_brand","embeddable":true,"href":"https:\/\/musikverlag.andraschek.at\/en\/wp-json\/wp\/v2\/product_brand?post=17485"},{"taxonomy":"product_cat","embeddable":true,"href":"https:\/\/musikverlag.andraschek.at\/en\/wp-json\/wp\/v2\/product_cat?post=17485"},{"taxonomy":"product_tag","embeddable":true,"href":"https:\/\/musikverlag.andraschek.at\/en\/wp-json\/wp\/v2\/product_tag?post=17485"}],"curies":[{"name":"wp","href":"https:\/\/api.w.org\/{rel}","templated":true}]}}