{"id":16911,"date":"2024-06-04T17:18:19","date_gmt":"2024-06-04T15:18:19","guid":{"rendered":"https:\/\/musikverlag.andraschek.at\/product\/suesser-die-glocken-nie-klingen\/"},"modified":"2025-01-20T14:35:06","modified_gmt":"2025-01-20T13:35:06","slug":"suesser-die-glocken-nie-klingen","status":"publish","type":"product","link":"https:\/\/musikverlag.andraschek.at\/en\/product\/suesser-die-glocken-nie-klingen\/","title":{"rendered":"S\u00fc\u00dfer die Glocken nie klingen f\u00fcr 5 Posaunen"},"content":{"rendered":"<p>\u201cThe bells never ring sweeter\u201d. One of the most beautiful Christmas songs and a must-have for the Christmas concert. Ideal for more advanced music students, and also a wonderful piece for professionals to use as musical accompaniment for festive or Christmas occasions.<\/p>\n<p>Instrumentation: 1st trombone in C (+Bb part) | 2nd trombone in C (+Bb part) | 3rd trombone in C (+Bb part) | 4th trombone in C (+Bb part) | 5th (Bass) trombone (opt. tuba) in C (+tuba in Bb).<\/p>","protected":false},"excerpt":{"rendered":"<p>One of the most beautiful Christmas songs arranged for 5 trombones. Only trombones can sound so beautiful!<\/p>","protected":false},"featured_media":17049,"template":"","meta":{"_seopress_robots_primary_cat":"","_seopress_titles_title":"","_seopress_titles_desc":"","_seopress_robots_index":""},"product_brand":[],"product_cat":[171,176],"product_tag":[],"class_list":{"0":"post-16911","1":"product","2":"type-product","3":"status-publish","4":"has-post-thumbnail","6":"product_cat-kammermusik","7":"product_cat-posaune-bariton-noten","8":"pa_gang-fuer-zwischendurch","9":"pa_instrument-posaune-bariton","10":"pa_kueche-oesterreichische-kueche","11":"pa_spielniveau-3-4","13":"first","14":"instock","15":"downloadable","16":"virtual","17":"sold-individually","18":"taxable","19":"purchasable","20":"product-type-simple"},"_links":{"self":[{"href":"https:\/\/musikverlag.andraschek.at\/en\/wp-json\/wp\/v2\/product\/16911","targetHints":{"allow":["GET"]}}],"collection":[{"href":"https:\/\/musikverlag.andraschek.at\/en\/wp-json\/wp\/v2\/product"}],"about":[{"href":"https:\/\/musikverlag.andraschek.at\/en\/wp-json\/wp\/v2\/types\/product"}],"version-history":[{"count":3,"href":"https:\/\/musikverlag.andraschek.at\/en\/wp-json\/wp\/v2\/product\/16911\/revisions"}],"predecessor-version":[{"id":18747,"href":"https:\/\/musikverlag.andraschek.at\/en\/wp-json\/wp\/v2\/product\/16911\/revisions\/18747"}],"wp:featuredmedia":[{"embeddable":true,"href":"https:\/\/musikverlag.andraschek.at\/en\/wp-json\/wp\/v2\/media\/17049"}],"wp:attachment":[{"href":"https:\/\/musikverlag.andraschek.at\/en\/wp-json\/wp\/v2\/media?parent=16911"}],"wp:term":[{"taxonomy":"product_brand","embeddable":true,"href":"https:\/\/musikverlag.andraschek.at\/en\/wp-json\/wp\/v2\/product_brand?post=16911"},{"taxonomy":"product_cat","embeddable":true,"href":"https:\/\/musikverlag.andraschek.at\/en\/wp-json\/wp\/v2\/product_cat?post=16911"},{"taxonomy":"product_tag","embeddable":true,"href":"https:\/\/musikverlag.andraschek.at\/en\/wp-json\/wp\/v2\/product_tag?post=16911"}],"curies":[{"name":"wp","href":"https:\/\/api.w.org\/{rel}","templated":true}]}}