{"id":16875,"date":"2024-06-04T17:18:14","date_gmt":"2024-06-04T15:18:14","guid":{"rendered":"https:\/\/musikverlag.andraschek.at\/product\/una-piccola-canzone-barocca\/"},"modified":"2025-06-11T15:54:35","modified_gmt":"2025-06-11T13:54:35","slug":"una-piccola-canzone-barocca","status":"publish","type":"product","link":"https:\/\/musikverlag.andraschek.at\/en\/product\/una-piccola-canzone-barocca\/","title":{"rendered":"Una piccola canzone barocca"},"content":{"rendered":"<p>Die Komposition U<em>na piccola canzone barocca<\/em> ist eine Auskoppelung aus dem Musikvermittlungsprojekt <em>Ritter Rudis Raubz\u00fcge<\/em> (Stilschule f\u00fcr Blasorchester) und hat un\u00fcberh\u00f6rbar die Zeit des Barock als stilistisches Vorbild. Vivaldi und Venedig lassen gr\u00fc\u00dfen!<br \/>\nF\u00fcr Vorspielabende, als Pr\u00fcfungsliteratur oder f\u00fcr Jugendwettbewerbe sehr gut geeignet.<br \/>\nDieses St\u00fcck kann auch als Solo mit Blasorchesterbegleitung aufgef\u00fchrt werden.<\/p>","protected":false},"excerpt":{"rendered":"<p>Solo with piano accompaniment in baroque style.<\/p>","protected":false},"featured_media":17280,"template":"","meta":{"_seopress_robots_primary_cat":"none","_seopress_titles_title":"","_seopress_titles_desc":"","_seopress_robots_index":""},"product_brand":[],"product_cat":[171,175],"product_tag":[],"class_list":{"0":"post-16875","1":"product","2":"type-product","3":"status-publish","4":"has-post-thumbnail","6":"product_cat-kammermusik","7":"product_cat-trompete-fluegelhorn-noten","8":"pa_gang-hauptspeise","9":"pa_instrument-trompete-fluegelhorn","10":"pa_kueche-eigenkreationen","11":"pa_spielniveau-2-3","13":"first","14":"instock","15":"downloadable","16":"virtual","17":"sold-individually","18":"taxable","19":"purchasable","20":"product-type-simple"},"_links":{"self":[{"href":"https:\/\/musikverlag.andraschek.at\/en\/wp-json\/wp\/v2\/product\/16875","targetHints":{"allow":["GET"]}}],"collection":[{"href":"https:\/\/musikverlag.andraschek.at\/en\/wp-json\/wp\/v2\/product"}],"about":[{"href":"https:\/\/musikverlag.andraschek.at\/en\/wp-json\/wp\/v2\/types\/product"}],"version-history":[{"count":4,"href":"https:\/\/musikverlag.andraschek.at\/en\/wp-json\/wp\/v2\/product\/16875\/revisions"}],"predecessor-version":[{"id":19528,"href":"https:\/\/musikverlag.andraschek.at\/en\/wp-json\/wp\/v2\/product\/16875\/revisions\/19528"}],"wp:featuredmedia":[{"embeddable":true,"href":"https:\/\/musikverlag.andraschek.at\/en\/wp-json\/wp\/v2\/media\/17280"}],"wp:attachment":[{"href":"https:\/\/musikverlag.andraschek.at\/en\/wp-json\/wp\/v2\/media?parent=16875"}],"wp:term":[{"taxonomy":"product_brand","embeddable":true,"href":"https:\/\/musikverlag.andraschek.at\/en\/wp-json\/wp\/v2\/product_brand?post=16875"},{"taxonomy":"product_cat","embeddable":true,"href":"https:\/\/musikverlag.andraschek.at\/en\/wp-json\/wp\/v2\/product_cat?post=16875"},{"taxonomy":"product_tag","embeddable":true,"href":"https:\/\/musikverlag.andraschek.at\/en\/wp-json\/wp\/v2\/product_tag?post=16875"}],"curies":[{"name":"wp","href":"https:\/\/api.w.org\/{rel}","templated":true}]}}