{"id":16569,"date":"2024-05-28T11:35:57","date_gmt":"2024-05-28T09:35:57","guid":{"rendered":"https:\/\/musikverlag.andraschek.at\/product\/gruen-gruen-gruen\/"},"modified":"2026-01-26T10:05:34","modified_gmt":"2026-01-26T09:05:34","slug":"gruen-gruen-gruen","status":"publish","type":"product","link":"https:\/\/musikverlag.andraschek.at\/en\/product\/gruen-gruen-gruen\/","title":{"rendered":"Gr\u00fcn, gr\u00fcn gr\u00fcn"},"content":{"rendered":"<p>Music education at its best. A children's choir (kindergarten, elementary school) is accompanied by a local music club while singing one of the most popular children's songs. In this way, children can \"feel\" the orchestra experience up close and at the same time see and hear the various instruments in a wonderfully unobtrusive way.<\/p>","protected":false},"excerpt":{"rendered":"<p>A refreshing addition to any concert. A children's choir accompanied by the local music club.<\/p>","protected":false},"featured_media":16715,"template":"","meta":{"_seopress_robots_primary_cat":"none","_seopress_titles_title":"","_seopress_titles_desc":"","_seopress_robots_index":""},"product_brand":[],"product_cat":[172],"product_tag":[],"class_list":{"0":"post-16569","1":"product","2":"type-product","3":"status-publish","4":"has-post-thumbnail","6":"product_cat-musikvermittlung","7":"pa_gang-fuer-zwischendurch","8":"pa_kueche-oesterreichische-kueche","9":"pa_kueche-hausmannskost","10":"pa_spielniveau-2-3","12":"first","13":"instock","14":"downloadable","15":"virtual","16":"sold-individually","17":"taxable","18":"purchasable","19":"product-type-simple"},"_links":{"self":[{"href":"https:\/\/musikverlag.andraschek.at\/en\/wp-json\/wp\/v2\/product\/16569","targetHints":{"allow":["GET"]}}],"collection":[{"href":"https:\/\/musikverlag.andraschek.at\/en\/wp-json\/wp\/v2\/product"}],"about":[{"href":"https:\/\/musikverlag.andraschek.at\/en\/wp-json\/wp\/v2\/types\/product"}],"version-history":[{"count":2,"href":"https:\/\/musikverlag.andraschek.at\/en\/wp-json\/wp\/v2\/product\/16569\/revisions"}],"predecessor-version":[{"id":18133,"href":"https:\/\/musikverlag.andraschek.at\/en\/wp-json\/wp\/v2\/product\/16569\/revisions\/18133"}],"wp:featuredmedia":[{"embeddable":true,"href":"https:\/\/musikverlag.andraschek.at\/en\/wp-json\/wp\/v2\/media\/16715"}],"wp:attachment":[{"href":"https:\/\/musikverlag.andraschek.at\/en\/wp-json\/wp\/v2\/media?parent=16569"}],"wp:term":[{"taxonomy":"product_brand","embeddable":true,"href":"https:\/\/musikverlag.andraschek.at\/en\/wp-json\/wp\/v2\/product_brand?post=16569"},{"taxonomy":"product_cat","embeddable":true,"href":"https:\/\/musikverlag.andraschek.at\/en\/wp-json\/wp\/v2\/product_cat?post=16569"},{"taxonomy":"product_tag","embeddable":true,"href":"https:\/\/musikverlag.andraschek.at\/en\/wp-json\/wp\/v2\/product_tag?post=16569"}],"curies":[{"name":"wp","href":"https:\/\/api.w.org\/{rel}","templated":true}]}}