{"id":16540,"date":"2024-05-28T11:35:55","date_gmt":"2024-05-28T09:35:55","guid":{"rendered":"https:\/\/musikverlag.andraschek.at\/product\/so-klingt-weihnachten\/"},"modified":"2025-08-15T15:49:54","modified_gmt":"2025-08-15T13:49:54","slug":"so-klingt-weihnachten","status":"publish","type":"product","link":"https:\/\/musikverlag.andraschek.at\/en\/product\/so-klingt-weihnachten\/","title":{"rendered":"So klingt Weihnachten (Flex 5)"},"content":{"rendered":"<p>Here, six traditional Christmas carols - Kling Gl\u00f6ckchen klingelingeling, Alle Jahre wieder, Es wird scho glei dumpa, Leise rieselt der Schnee, Fr\u00f6hliche Weihnacht and O du fr\u00f6hliche - are brought together in one arrangement. The arrangement is primarily intended for smaller wind orchestras; in this case, the cue notes may not be played. When used as a Flex-5-tett, this arrangement can be used variably. In this case, cue notes must be played. This arrangement in the 5-tett version is well suited for advanced music students, but can also be a wonderful piece for professionals to provide musical accompaniment to festive or Christmas occasions.<br \/>\nF\u00fcr gro\u00dfes Blasorchester ist diese Zusammenstellung unter der Artikelnummer AND. 00121 erh\u00e4ltlich (Vorsicht: teilweise andere Tonarten).<\/p>\n<p class=\"translation-block\">Cast:<br>\n1st part: 1st clarinet, 1 trumpet, 1st flugelhorn, (opt.) 1st alto saxophone<br>\n2nd voice: 2nd clarinet, 2nd trumpet, 2nd flugelhorn, (opt.) 2nd alto saxophone<br>\n3rd part: 3rd clarinet, alto saxophone obbligato, 3rd trumpet, 1st horn<br>\n4th voice: tenor saxophone, 2nd horn, tenor horn, 1st trombone<br>\n5th voice: bass clarinet, bassoon, baritone saxophone, baritone, 2nd trombone, 1st + 2nd tuba<\/p>\n<p class=\"translation-block\"><strong>Optional:<\/strong><br>\n\u2022 piccolo<br>\n\u2022 1st flute (1st part octave)<br>\n\u2022 2nd flute\/oboe (2nd part octave)<\/p>\n<p>Percussion<\/p>","protected":false},"excerpt":{"rendered":"<p>Six traditional Christmas songs brought together in one arrangement. A must-have for the upcoming Christmas concert!<\/p>","protected":false},"featured_media":16795,"template":"","meta":{"_seopress_robots_primary_cat":"none","_seopress_titles_title":"","_seopress_titles_desc":"","_seopress_robots_index":""},"product_brand":[],"product_cat":[20],"product_tag":[],"class_list":{"0":"post-16540","1":"product","2":"type-product","3":"status-publish","4":"has-post-thumbnail","6":"product_cat-blasorchester","7":"pa_gang-dessert","8":"pa_gang-fuer-zwischendurch","9":"pa_kueche-goetterspeisen","10":"pa_kueche-flex-kueche","11":"pa_kueche-oesterreichische-kueche","12":"pa_spielniveau-2-3","14":"first","15":"instock","16":"downloadable","17":"virtual","18":"sold-individually","19":"taxable","20":"purchasable","21":"product-type-simple"},"_links":{"self":[{"href":"https:\/\/musikverlag.andraschek.at\/en\/wp-json\/wp\/v2\/product\/16540","targetHints":{"allow":["GET"]}}],"collection":[{"href":"https:\/\/musikverlag.andraschek.at\/en\/wp-json\/wp\/v2\/product"}],"about":[{"href":"https:\/\/musikverlag.andraschek.at\/en\/wp-json\/wp\/v2\/types\/product"}],"version-history":[{"count":8,"href":"https:\/\/musikverlag.andraschek.at\/en\/wp-json\/wp\/v2\/product\/16540\/revisions"}],"predecessor-version":[{"id":20380,"href":"https:\/\/musikverlag.andraschek.at\/en\/wp-json\/wp\/v2\/product\/16540\/revisions\/20380"}],"wp:featuredmedia":[{"embeddable":true,"href":"https:\/\/musikverlag.andraschek.at\/en\/wp-json\/wp\/v2\/media\/16795"}],"wp:attachment":[{"href":"https:\/\/musikverlag.andraschek.at\/en\/wp-json\/wp\/v2\/media?parent=16540"}],"wp:term":[{"taxonomy":"product_brand","embeddable":true,"href":"https:\/\/musikverlag.andraschek.at\/en\/wp-json\/wp\/v2\/product_brand?post=16540"},{"taxonomy":"product_cat","embeddable":true,"href":"https:\/\/musikverlag.andraschek.at\/en\/wp-json\/wp\/v2\/product_cat?post=16540"},{"taxonomy":"product_tag","embeddable":true,"href":"https:\/\/musikverlag.andraschek.at\/en\/wp-json\/wp\/v2\/product_tag?post=16540"}],"curies":[{"name":"wp","href":"https:\/\/api.w.org\/{rel}","templated":true}]}}