{"id":16517,"date":"2024-05-28T11:35:53","date_gmt":"2024-05-28T09:35:53","guid":{"rendered":"https:\/\/musikverlag.andraschek.at\/product\/the-sound-of-christmas\/"},"modified":"2025-07-15T13:07:00","modified_gmt":"2025-07-15T11:07:00","slug":"the-sound-of-christmas","status":"publish","type":"product","link":"https:\/\/musikverlag.andraschek.at\/en\/product\/the-sound-of-christmas\/","title":{"rendered":"The Sound of Christmas &#8211; Ouvert\u00fcre"},"content":{"rendered":"<p>In Kooperation mit Buchautor und Karikaturist Rupert H\u00f6rbst und der Polizeimusik Ober\u00f6sterreich, Dr. Harald Haselmayr entstand im Jahr 2015 das Musikvermittlungsprojekt \u201eChefinspektor Claus\u201c. Die Urauff\u00fchrung f\u00fcllte im Dezember 2015 das Oberbank Donau-Forum (ca. 900 Sitzpl\u00e4tze) bis auf den letzten Platz.<\/p>\n<p>Ausgekoppelt aus diesem Projekt steht seither mit der Ouvert\u00fcre \u201eThe Sound of Christmas\u201c ein weihnachtliches, schwungvolles Er\u00f6ffnungsst\u00fcck zur Verf\u00fcgung. Beginnend mit einer getragenen, lyrischen Melodie wandelt sich das St\u00fcck n\u00e4mlich mehr und mehr zu einem fantasievollen Abenteuer mit dem Schauplatz \u201eWeihnachtsmarkt\u201c. Zitate von bekannten Weihnachtsliedern aber auch Besucher:innen, die etwas zu tief ins Glas geschaut haben sind &#8211; mit ein bisschen Fantasie &#8211; in dieser Ouvert\u00fcre zu entdecken. Durch die Dauer von nur etwas mehr als vier Minuten bzw. dem bombastischen Schluss bietet sich das Werk optimal als schwungvoller Opener deines Weihnachtskonzertes an.<\/p>","protected":false},"excerpt":{"rendered":"<p class=\"translation-block\">The perfect overture for your Christmas concert. <em>Deck the Hall<\/em> and <em>Ihr Kinderlein kommet<\/em> included.<\/p>","protected":false},"featured_media":16803,"template":"","meta":{"_seopress_robots_primary_cat":"none","_seopress_titles_title":"","_seopress_titles_desc":"","_seopress_robots_index":""},"product_brand":[],"product_cat":[20],"product_tag":[],"class_list":{"0":"post-16517","1":"product","2":"type-product","3":"status-publish","4":"has-post-thumbnail","6":"product_cat-blasorchester","7":"pa_gang-appetizer-vorspeise","8":"pa_kueche-eigenkreationen","9":"pa_kueche-oesterreichische-kueche","10":"pa_kueche-internationale-kueche","11":"pa_spielniveau-3-4","13":"first","14":"instock","15":"downloadable","16":"virtual","17":"sold-individually","18":"taxable","19":"purchasable","20":"product-type-simple"},"_links":{"self":[{"href":"https:\/\/musikverlag.andraschek.at\/en\/wp-json\/wp\/v2\/product\/16517","targetHints":{"allow":["GET"]}}],"collection":[{"href":"https:\/\/musikverlag.andraschek.at\/en\/wp-json\/wp\/v2\/product"}],"about":[{"href":"https:\/\/musikverlag.andraschek.at\/en\/wp-json\/wp\/v2\/types\/product"}],"version-history":[{"count":5,"href":"https:\/\/musikverlag.andraschek.at\/en\/wp-json\/wp\/v2\/product\/16517\/revisions"}],"predecessor-version":[{"id":20293,"href":"https:\/\/musikverlag.andraschek.at\/en\/wp-json\/wp\/v2\/product\/16517\/revisions\/20293"}],"wp:featuredmedia":[{"embeddable":true,"href":"https:\/\/musikverlag.andraschek.at\/en\/wp-json\/wp\/v2\/media\/16803"}],"wp:attachment":[{"href":"https:\/\/musikverlag.andraschek.at\/en\/wp-json\/wp\/v2\/media?parent=16517"}],"wp:term":[{"taxonomy":"product_brand","embeddable":true,"href":"https:\/\/musikverlag.andraschek.at\/en\/wp-json\/wp\/v2\/product_brand?post=16517"},{"taxonomy":"product_cat","embeddable":true,"href":"https:\/\/musikverlag.andraschek.at\/en\/wp-json\/wp\/v2\/product_cat?post=16517"},{"taxonomy":"product_tag","embeddable":true,"href":"https:\/\/musikverlag.andraschek.at\/en\/wp-json\/wp\/v2\/product_tag?post=16517"}],"curies":[{"name":"wp","href":"https:\/\/api.w.org\/{rel}","templated":true}]}}