{"id":15667,"date":"2023-12-28T16:05:10","date_gmt":"2023-12-28T15:05:10","guid":{"rendered":"http:\/\/wm.andraschek.com\/?page_id=15667"},"modified":"2025-11-15T13:22:11","modified_gmt":"2025-11-15T12:22:11","slug":"concept","status":"publish","type":"page","link":"https:\/\/musikverlag.andraschek.at\/en\/concept\/","title":{"rendered":"Concept"},"content":{"rendered":"<h1>\u00c0 la carte!<\/h1>\n<link rel=\"stylesheet\" id=\"wd-section-title-css\" href=\"https:\/\/musikverlag.andraschek.at\/wp-content\/themes\/woodmart\/css\/parts\/el-section-title.min.css?ver=8.0.6\" type=\"text\/css\" media=\"all\" \/>\n<h4>Step 1: Finding music<\/h4>\n<h4>Spilt for choice<\/h4>\n<link rel=\"stylesheet\" id=\"wd-text-block-css\" href=\"https:\/\/musikverlag.andraschek.at\/wp-content\/themes\/woodmart\/css\/parts\/el-text-block.min.css?ver=8.0.6\" type=\"text\/css\" media=\"all\" \/>\n<p>Manchmal sucht man Werke weniger nach einer bestimmten Kategorie, sondern nach einem Gef\u00fchl, einem Vibe \u2013 wie in einem Restaurant. Man hat zwar einen Gusto auf etwas, kann es aber nicht explizit definieren. Das hat mich auf die Idee gebracht, dir nicht nur die Auswahl anhand altbekannter Kategorien, sondern auch nach dem Prinzip einer hochwertigen Speisekarte anzubieten. Je nachdem, ob du einen Appetizer (kurze Anfangsfanfare),\u00a0 eine Hauptspeise (Hauptwerk des Konzertabends), Hausmannskost (Polka\/Marsch\/Volkslied) oder lieber etwas f\u00fcr Zwischendurch (zur Auflockerung) h\u00e4ttest: Lass dich von meinen &#8222;Gerichten&#8220; inspirieren und finde \u00a0genau das Richtige f\u00fcr deinen Auftritt!\u00a0<\/p>\n<h4>Explanation<\/h4>\n<p><strong>Appetizer &amp; Starters<\/strong> = Fanfares, Openers<br \/><strong>Main course<\/strong> = Main work of the concert evening<br \/><strong>Dessert<\/strong> = Final or top piece<br \/><strong>Snacks<\/strong> = Various pieces for every occasion\u00a0<\/p>\n<p class=\"translation-block\"><strong>Dinner for one<\/strong> = Soloist with wind orchestra<br><strong>Austrian cuisine<\/strong> = Works by Austrian composers<br><strong>International cuisine<\/strong> = Works by International composers<br><strong>Pop &amp; crossover cuisine<\/strong> = Pop and Crossover arrangements<br><strong>G\u00f6tterspeise<\/strong> = Suitable for church<br><strong>Home cooking<\/strong> = Polka\/March\/Folk song<br><strong>For our little ones<\/strong> = Youth Wind Orchestra and Music Education<br><strong>Flex cuisine<\/strong> = Flex 4-6 line-ups<\/p>\n<link rel=\"stylesheet\" id=\"wd-button-css\" href=\"https:\/\/musikverlag.andraschek.at\/wp-content\/themes\/woodmart\/css\/parts\/el-button.min.css?ver=8.0.6\" type=\"text\/css\" media=\"all\" \/>\n\t\t\t<a  href=\"\/en\/shop\/\"><br \/>\n\t\t\t\t\tTo the products<br \/>\n\t\t\t\t\t\t\t<\/a><\/p>\n<h4>Step 2: Order<\/h4>\n<h4>Fastest<\/h4>\n<p>If you have opted for an instant download, simply add the selected product to your shopping cart. You can still change the order there, add something or deselect something. If you then click on the checkout button, you will be taken to the checkout area where you can enter your required data and billing address.<br \/>Danach w\u00e4hlst du deine Zahlungsart aus und best\u00e4tigst mit dem Button &#8222;ZAHLUNGSPFLICHTIG BESTELLEN&#8220;.<br \/>Um das Produkt sofort downloaden zu k\u00f6nnen, musst du &#8211; so will es das Gesetz &#8211; auf dein 14-t\u00e4giges R\u00fccktrittsrecht verzichten. Bitte lies dazu die AGB.<\/p>\n<h4>Faster<\/h4>\n<p>You have a queasy feeling and don't trust instant download services yet?<br \/>No problem ! Contact me by email and let me know exactly which product you want to order. You will receive an invoice by email, which must be paid in advance.  Once the full amount has been credited to our account, you will receive the licensed edition as a PDF by email within 24 hours.<\/p>\n<h4>Fast<\/h4>\n<p>Would you like a print version? Contact www.abel.at<\/p>\n<p>\t\t\t<a  href=\"\/en\/cart\/\"><br \/>\n\t\t\t\t\tView basket<br \/>\n\t\t\t\t\t\t\t<\/a><\/p>\n<h4>Step 3: Getting started<\/h4>\n<p>This point is omitted for the \"fast\" variant.\nThe following applies to <b>\"faster\" <\/b>und\u00a0<b>\"fastest\"<\/b> :<\/p>\n<p>The selected product is marked with the specified data and a watermark, is therefore correctly licensed and is ready for printing after payment has been made. (In the case of transmission by email within 24 hours) The sheet music may now be used immediately for study, rehearsals and performances in the number of instrumentation of the person named as the licensee, the music club, the band or the orchestra.\u00a0<\/p>\n<p>Performances must of course be reported to the relevant collecting societies (AKM, GEMA, SUISA).<\/p>\n<p>\t\t\t<a  href=\"\/en\/account\/downloads\/\"><br \/>\n\t\t\t\t\tTo download area<br \/>\n\t\t\t\t\t\t\t<\/a><\/p>","protected":false},"excerpt":{"rendered":"<p>\u00c0 la carte! Schritt 1: Finden Qual der Wahl Manchmal sucht man Werke weniger nach einer bestimmten Kategorie, sondern nach<\/p>","protected":false},"author":1,"featured_media":0,"parent":0,"menu_order":0,"comment_status":"closed","ping_status":"closed","template":"","meta":{"_seopress_robots_primary_cat":"","_seopress_titles_title":"Noten zum Sofortdownload - finden, bestellen, spielen","_seopress_titles_desc":"Finde das richtige f\u00fcr deinen Auftritt! Pop- und Crossover Arrangements f\u00fcr Blasmusik, Jugendblasorchester, Musikvermittlung, Flex-Besetzungen","_seopress_robots_index":"","footnotes":""},"class_list":["post-15667","page","type-page","status-publish","hentry"],"_links":{"self":[{"href":"https:\/\/musikverlag.andraschek.at\/en\/wp-json\/wp\/v2\/pages\/15667","targetHints":{"allow":["GET"]}}],"collection":[{"href":"https:\/\/musikverlag.andraschek.at\/en\/wp-json\/wp\/v2\/pages"}],"about":[{"href":"https:\/\/musikverlag.andraschek.at\/en\/wp-json\/wp\/v2\/types\/page"}],"author":[{"embeddable":true,"href":"https:\/\/musikverlag.andraschek.at\/en\/wp-json\/wp\/v2\/users\/1"}],"replies":[{"embeddable":true,"href":"https:\/\/musikverlag.andraschek.at\/en\/wp-json\/wp\/v2\/comments?post=15667"}],"version-history":[{"count":10,"href":"https:\/\/musikverlag.andraschek.at\/en\/wp-json\/wp\/v2\/pages\/15667\/revisions"}],"predecessor-version":[{"id":20747,"href":"https:\/\/musikverlag.andraschek.at\/en\/wp-json\/wp\/v2\/pages\/15667\/revisions\/20747"}],"wp:attachment":[{"href":"https:\/\/musikverlag.andraschek.at\/en\/wp-json\/wp\/v2\/media?parent=15667"}],"curies":[{"name":"wp","href":"https:\/\/api.w.org\/{rel}","templated":true}]}}